{"id":76,"date":"2025-07-03T02:19:38","date_gmt":"2025-07-03T00:19:38","guid":{"rendered":"https:\/\/thesurfersburger.com\/?page_id=76"},"modified":"2025-07-25T21:11:05","modified_gmt":"2025-07-25T19:11:05","slug":"about","status":"publish","type":"page","link":"https:\/\/thesurfersburger.com\/en\/about\/","title":{"rendered":"About"},"content":{"rendered":"\t\t<div data-elementor-type=\"wp-page\" data-elementor-id=\"76\" class=\"elementor elementor-76\" data-elementor-post-type=\"page\">\n\t\t\t\t<a class=\"elementor-element elementor-element-787af654 e-con-full e-flex e-con e-parent\" data-id=\"787af654\" data-element_type=\"container\" data-e-type=\"container\" data-settings=\"{&quot;position&quot;:&quot;fixed&quot;}\">\n\t\t\t\t<div class=\"elementor-element elementor-element-c12a248 logo elementor-fixed elementor-widget elementor-widget-theme-site-logo elementor-widget-image\" data-id=\"c12a248\" data-element_type=\"widget\" data-e-type=\"widget\" data-settings=\"{&quot;_position&quot;:&quot;fixed&quot;,&quot;_animation_mobile&quot;:&quot;fadeIn&quot;}\" data-widget_type=\"theme-site-logo.default\">\n\t\t\t\t<div class=\"elementor-widget-container\">\n\t\t\t\t\t\t\t\t\t\t\t<a href=\"https:\/\/thesurfersburger.com\/en\">\n\t\t\t<img decoding=\"async\" width=\"14\" height=\"2\" src=\"https:\/\/thesurfersburger.com\/wp-content\/uploads\/sites\/41\/2025\/07\/the-surfers-burger-logo-corporativo-restaurante-smash-burger-en-somo-cantabria_white_simple.svg\" class=\"attachment-full size-full wp-image-58\" alt=\"\" \/>\t\t\t\t<\/a>\n\t\t\t\t\t\t\t\t\t\t\t<\/div>\n\t\t\t\t<\/div>\n\t\t\t\t<\/a>\n\t\t<div class=\"elementor-element elementor-element-1ee5c811 e-con-full e-flex e-con e-parent\" data-id=\"1ee5c811\" data-element_type=\"container\" data-e-type=\"container\">\n\t\t\t\t<div class=\"elementor-element elementor-element-3535480f elementor-absolute image-2 e-transform elementor-widget-mobile__width-initial elementor-widget elementor-widget-image\" data-id=\"3535480f\" data-element_type=\"widget\" data-e-type=\"widget\" data-settings=\"{&quot;_position&quot;:&quot;absolute&quot;,&quot;_transform_rotateZ_effect&quot;:{&quot;unit&quot;:&quot;px&quot;,&quot;size&quot;:-2,&quot;sizes&quot;:[]},&quot;_transform_rotateZ_effect_widescreen&quot;:{&quot;unit&quot;:&quot;deg&quot;,&quot;size&quot;:&quot;&quot;,&quot;sizes&quot;:[]},&quot;_transform_rotateZ_effect_laptop&quot;:{&quot;unit&quot;:&quot;deg&quot;,&quot;size&quot;:&quot;&quot;,&quot;sizes&quot;:[]},&quot;_transform_rotateZ_effect_tablet&quot;:{&quot;unit&quot;:&quot;deg&quot;,&quot;size&quot;:&quot;&quot;,&quot;sizes&quot;:[]},&quot;_transform_rotateZ_effect_mobile&quot;:{&quot;unit&quot;:&quot;deg&quot;,&quot;size&quot;:&quot;&quot;,&quot;sizes&quot;:[]}}\" data-widget_type=\"image.default\">\n\t\t\t\t<div class=\"elementor-widget-container\">\n\t\t\t\t\t\t\t\t\t\t\t\t\t\t\t<img fetchpriority=\"high\" decoding=\"async\" width=\"683\" height=\"1024\" src=\"https:\/\/thesurfersburger.com\/wp-content\/uploads\/sites\/41\/2025\/07\/burger-simple-the-surfers-burger-restaurante-smash-burger-en-somo-cantabria-8-1-683x1024.webp\" class=\"attachment-large size-large wp-image-868\" alt=\"\" srcset=\"https:\/\/thesurfersburger.com\/wp-content\/uploads\/sites\/41\/2025\/07\/burger-simple-the-surfers-burger-restaurante-smash-burger-en-somo-cantabria-8-1-683x1024.webp 683w, https:\/\/thesurfersburger.com\/wp-content\/uploads\/sites\/41\/2025\/07\/burger-simple-the-surfers-burger-restaurante-smash-burger-en-somo-cantabria-8-1-200x300.webp 200w, https:\/\/thesurfersburger.com\/wp-content\/uploads\/sites\/41\/2025\/07\/burger-simple-the-surfers-burger-restaurante-smash-burger-en-somo-cantabria-8-1-768x1152.webp 768w, https:\/\/thesurfersburger.com\/wp-content\/uploads\/sites\/41\/2025\/07\/burger-simple-the-surfers-burger-restaurante-smash-burger-en-somo-cantabria-8-1.webp 1000w\" sizes=\"(max-width: 683px) 100vw, 683px\" \/>\t\t\t\t\t\t\t\t\t\t\t\t\t\t\t<\/div>\n\t\t\t\t<\/div>\n\t\t\t\t<div class=\"elementor-element elementor-element-145eb721 elementor-absolute image-1 e-transform elementor-widget-mobile__width-initial elementor-widget elementor-widget-image\" data-id=\"145eb721\" data-element_type=\"widget\" data-e-type=\"widget\" data-settings=\"{&quot;_position&quot;:&quot;absolute&quot;,&quot;_transform_rotateZ_effect&quot;:{&quot;unit&quot;:&quot;px&quot;,&quot;size&quot;:5,&quot;sizes&quot;:[]},&quot;_transform_rotateZ_effect_widescreen&quot;:{&quot;unit&quot;:&quot;deg&quot;,&quot;size&quot;:&quot;&quot;,&quot;sizes&quot;:[]},&quot;_transform_rotateZ_effect_laptop&quot;:{&quot;unit&quot;:&quot;deg&quot;,&quot;size&quot;:&quot;&quot;,&quot;sizes&quot;:[]},&quot;_transform_rotateZ_effect_tablet&quot;:{&quot;unit&quot;:&quot;deg&quot;,&quot;size&quot;:&quot;&quot;,&quot;sizes&quot;:[]},&quot;_transform_rotateZ_effect_mobile&quot;:{&quot;unit&quot;:&quot;deg&quot;,&quot;size&quot;:&quot;&quot;,&quot;sizes&quot;:[]}}\" data-widget_type=\"image.default\">\n\t\t\t\t<div class=\"elementor-widget-container\">\n\t\t\t\t\t\t\t\t\t\t\t\t\t\t\t<img decoding=\"async\" width=\"683\" height=\"1024\" src=\"https:\/\/thesurfersburger.com\/wp-content\/uploads\/sites\/41\/2025\/07\/burger-surfers-the-surfers-burger-restaurante-smash-burger-en-somo-cantabria-3-1-683x1024.webp\" class=\"attachment-large size-large wp-image-873\" alt=\"\" srcset=\"https:\/\/thesurfersburger.com\/wp-content\/uploads\/sites\/41\/2025\/07\/burger-surfers-the-surfers-burger-restaurante-smash-burger-en-somo-cantabria-3-1-683x1024.webp 683w, https:\/\/thesurfersburger.com\/wp-content\/uploads\/sites\/41\/2025\/07\/burger-surfers-the-surfers-burger-restaurante-smash-burger-en-somo-cantabria-3-1-200x300.webp 200w, https:\/\/thesurfersburger.com\/wp-content\/uploads\/sites\/41\/2025\/07\/burger-surfers-the-surfers-burger-restaurante-smash-burger-en-somo-cantabria-3-1-768x1152.webp 768w, https:\/\/thesurfersburger.com\/wp-content\/uploads\/sites\/41\/2025\/07\/burger-surfers-the-surfers-burger-restaurante-smash-burger-en-somo-cantabria-3-1.webp 1000w\" sizes=\"(max-width: 683px) 100vw, 683px\" \/>\t\t\t\t\t\t\t\t\t\t\t\t\t\t\t<\/div>\n\t\t\t\t<\/div>\n\t\t\t\t<div class=\"elementor-element elementor-element-69ad903e elementor-absolute trigger-image elementor-widget-mobile__width-initial elementor-widget elementor-widget-image\" data-id=\"69ad903e\" data-element_type=\"widget\" data-e-type=\"widget\" data-settings=\"{&quot;_position&quot;:&quot;absolute&quot;}\" data-widget_type=\"image.default\">\n\t\t\t\t<div class=\"elementor-widget-container\">\n\t\t\t\t\t\t\t\t\t\t\t\t\t\t\t<img loading=\"lazy\" decoding=\"async\" width=\"683\" height=\"1024\" src=\"https:\/\/thesurfersburger.com\/wp-content\/uploads\/sites\/41\/2025\/07\/local-the-surfers-burger-restaurante-smash-burger-en-somo-cantabria-6-1-683x1024.webp\" class=\"attachment-large size-large wp-image-955\" alt=\"\" srcset=\"https:\/\/thesurfersburger.com\/wp-content\/uploads\/sites\/41\/2025\/07\/local-the-surfers-burger-restaurante-smash-burger-en-somo-cantabria-6-1-683x1024.webp 683w, https:\/\/thesurfersburger.com\/wp-content\/uploads\/sites\/41\/2025\/07\/local-the-surfers-burger-restaurante-smash-burger-en-somo-cantabria-6-1-200x300.webp 200w, https:\/\/thesurfersburger.com\/wp-content\/uploads\/sites\/41\/2025\/07\/local-the-surfers-burger-restaurante-smash-burger-en-somo-cantabria-6-1-768x1152.webp 768w, https:\/\/thesurfersburger.com\/wp-content\/uploads\/sites\/41\/2025\/07\/local-the-surfers-burger-restaurante-smash-burger-en-somo-cantabria-6-1.webp 1000w\" sizes=\"(max-width: 683px) 100vw, 683px\" \/>\t\t\t\t\t\t\t\t\t\t\t\t\t\t\t<\/div>\n\t\t\t\t<\/div>\n\t\t\t\t<div class=\"elementor-element elementor-element-4943d6e elementor-absolute elementor-widget elementor-widget-heading\" data-id=\"4943d6e\" data-element_type=\"widget\" data-e-type=\"widget\" data-settings=\"{&quot;_position&quot;:&quot;absolute&quot;}\" data-widget_type=\"heading.default\">\n\t\t\t\t<div class=\"elementor-widget-container\">\n\t\t\t\t\t<h2 class=\"elementor-heading-title elementor-size-default\">AQU\u00cd HACEMOS SMASH CON ALMA Y BUENOS PRODUCTOS<\/h2>\t\t\t\t<\/div>\n\t\t\t\t<\/div>\n\t\t\t\t<div class=\"elementor-element elementor-element-342c940c elementor-widget elementor-widget-heading\" data-id=\"342c940c\" data-element_type=\"widget\" data-e-type=\"widget\" data-widget_type=\"heading.default\">\n\t\t\t\t<div class=\"elementor-widget-container\">\n\t\t\t\t\t<h2 class=\"elementor-heading-title elementor-size-default\">AQU\u00cd HACEMOS SMASH CON ALMA Y BUENOS PRODUCTOS<\/h2>\t\t\t\t<\/div>\n\t\t\t\t<\/div>\n\t\t\t\t<\/div>\n\t\t<div class=\"elementor-element elementor-element-1b90941a e-con-full e-flex e-con e-parent\" data-id=\"1b90941a\" data-element_type=\"container\" data-e-type=\"container\" data-settings=\"{&quot;background_background&quot;:&quot;video&quot;,&quot;background_video_link&quot;:&quot;https:\\\/\\\/thesurfersburger.com\\\/wp-content\\\/uploads\\\/sites\\\/41\\\/2025\\\/07\\\/video-about-the-surfers-burger-restaurante-smash-burger-en-somo-cantabria-white.mp4&quot;,&quot;background_play_on_mobile&quot;:&quot;yes&quot;,&quot;background_video_start&quot;:0,&quot;background_motion_fx_devices&quot;:[&quot;widescreen&quot;,&quot;desktop&quot;,&quot;laptop&quot;,&quot;tablet&quot;,&quot;mobile&quot;]}\">\n\t\t<div class=\"elementor-background-video-container\">\n\t\t\t\t\t\t\t<video class=\"elementor-background-video-hosted\" role=\"presentation\" autoplay muted playsinline loop><\/video>\n\t\t\t\t\t<\/div>\t\t<div class=\"elementor-element elementor-element-723d1100 elementor-widget elementor-widget-heading\" data-id=\"723d1100\" data-element_type=\"widget\" data-e-type=\"widget\" data-widget_type=\"heading.default\">\n\t\t\t\t<div class=\"elementor-widget-container\">\n\t\t\t\t\t<h2 class=\"elementor-heading-title elementor-size-default\">Despu\u00e9s de una ola como esta<br>\n\u00bfke lo ke t\u00fa quieres?<\/h2>\t\t\t\t<\/div>\n\t\t\t\t<\/div>\n\t\t\t\t<\/div>\n\t\t<div class=\"elementor-element elementor-element-33f2b17e e-con-full e-flex e-con e-parent\" data-id=\"33f2b17e\" data-element_type=\"container\" data-e-type=\"container\">\n\t\t<section class=\"elementor-element elementor-element-154226e e-con-full card pinned e-flex e-con e-child\" data-id=\"154226e\" data-element_type=\"container\" data-e-type=\"container\">\n\t\t<div class=\"elementor-element elementor-element-30b3f7cf e-con-full img e-flex e-con e-child\" data-id=\"30b3f7cf\" data-element_type=\"container\" data-e-type=\"container\">\n\t\t\t\t<div class=\"elementor-element elementor-element-9bc716d elementor-widget elementor-widget-image\" data-id=\"9bc716d\" data-element_type=\"widget\" data-e-type=\"widget\" data-widget_type=\"image.default\">\n\t\t\t\t<div class=\"elementor-widget-container\">\n\t\t\t\t\t\t\t\t\t\t\t\t\t\t\t<img loading=\"lazy\" decoding=\"async\" width=\"800\" height=\"534\" src=\"https:\/\/thesurfersburger.com\/wp-content\/uploads\/sites\/41\/2025\/07\/luca-the-surfers-burger-restaurante-smash-burger-en-somo-cantabria-6-1024x683.webp\" class=\"attachment-large size-large wp-image-709\" alt=\"\" srcset=\"https:\/\/thesurfersburger.com\/wp-content\/uploads\/sites\/41\/2025\/07\/luca-the-surfers-burger-restaurante-smash-burger-en-somo-cantabria-6-1024x683.webp 1024w, https:\/\/thesurfersburger.com\/wp-content\/uploads\/sites\/41\/2025\/07\/luca-the-surfers-burger-restaurante-smash-burger-en-somo-cantabria-6-300x200.webp 300w, https:\/\/thesurfersburger.com\/wp-content\/uploads\/sites\/41\/2025\/07\/luca-the-surfers-burger-restaurante-smash-burger-en-somo-cantabria-6-768x512.webp 768w, https:\/\/thesurfersburger.com\/wp-content\/uploads\/sites\/41\/2025\/07\/luca-the-surfers-burger-restaurante-smash-burger-en-somo-cantabria-6-1536x1024.webp 1536w, https:\/\/thesurfersburger.com\/wp-content\/uploads\/sites\/41\/2025\/07\/luca-the-surfers-burger-restaurante-smash-burger-en-somo-cantabria-6.webp 1920w\" sizes=\"(max-width: 800px) 100vw, 800px\" \/>\t\t\t\t\t\t\t\t\t\t\t\t\t\t\t<\/div>\n\t\t\t\t<\/div>\n\t\t\t\t<\/div>\n\t\t\t\t<\/section>\n\t\t<section class=\"elementor-element elementor-element-afab434 e-con-full card pinned e-flex e-con e-child\" data-id=\"afab434\" data-element_type=\"container\" data-e-type=\"container\">\n\t\t<div class=\"elementor-element elementor-element-3497be69 e-con-full img e-flex e-con e-child\" data-id=\"3497be69\" data-element_type=\"container\" data-e-type=\"container\">\n\t\t\t\t<div class=\"elementor-element elementor-element-69a4abe4 elementor-widget elementor-widget-image\" data-id=\"69a4abe4\" data-element_type=\"widget\" data-e-type=\"widget\" data-widget_type=\"image.default\">\n\t\t\t\t<div class=\"elementor-widget-container\">\n\t\t\t\t\t\t\t\t\t\t\t\t\t\t\t<img loading=\"lazy\" decoding=\"async\" width=\"800\" height=\"534\" src=\"https:\/\/thesurfersburger.com\/wp-content\/uploads\/sites\/41\/2025\/07\/totopos-the-surfers-burger-restaurante-smash-burger-en-somo-cantabria-6-1024x683.webp\" class=\"attachment-large size-large wp-image-412\" alt=\"\" srcset=\"https:\/\/thesurfersburger.com\/wp-content\/uploads\/sites\/41\/2025\/07\/totopos-the-surfers-burger-restaurante-smash-burger-en-somo-cantabria-6-1024x683.webp 1024w, https:\/\/thesurfersburger.com\/wp-content\/uploads\/sites\/41\/2025\/07\/totopos-the-surfers-burger-restaurante-smash-burger-en-somo-cantabria-6-300x200.webp 300w, https:\/\/thesurfersburger.com\/wp-content\/uploads\/sites\/41\/2025\/07\/totopos-the-surfers-burger-restaurante-smash-burger-en-somo-cantabria-6-768x512.webp 768w, https:\/\/thesurfersburger.com\/wp-content\/uploads\/sites\/41\/2025\/07\/totopos-the-surfers-burger-restaurante-smash-burger-en-somo-cantabria-6-1536x1024.webp 1536w, https:\/\/thesurfersburger.com\/wp-content\/uploads\/sites\/41\/2025\/07\/totopos-the-surfers-burger-restaurante-smash-burger-en-somo-cantabria-6.webp 1920w\" sizes=\"(max-width: 800px) 100vw, 800px\" \/>\t\t\t\t\t\t\t\t\t\t\t\t\t\t\t<\/div>\n\t\t\t\t<\/div>\n\t\t\t\t<\/div>\n\t\t\t\t<\/section>\n\t\t<section class=\"elementor-element elementor-element-16e074f e-con-full card scroll e-flex e-con e-child\" data-id=\"16e074f\" data-element_type=\"container\" data-e-type=\"container\">\n\t\t<div class=\"elementor-element elementor-element-2debaf83 e-con-full img e-flex e-con e-child\" data-id=\"2debaf83\" data-element_type=\"container\" data-e-type=\"container\">\n\t\t\t\t<div class=\"elementor-element elementor-element-66814711 elementor-widget elementor-widget-image\" data-id=\"66814711\" data-element_type=\"widget\" data-e-type=\"widget\" data-widget_type=\"image.default\">\n\t\t\t\t<div class=\"elementor-widget-container\">\n\t\t\t\t\t\t\t\t\t\t\t\t\t\t\t<img loading=\"lazy\" decoding=\"async\" width=\"800\" height=\"534\" src=\"https:\/\/thesurfersburger.com\/wp-content\/uploads\/sites\/41\/2025\/07\/burger-vegana-the-surfers-burger-restaurante-smash-burger-en-somo-cantabria-2-1024x683.webp\" class=\"attachment-large size-large wp-image-462\" alt=\"\" srcset=\"https:\/\/thesurfersburger.com\/wp-content\/uploads\/sites\/41\/2025\/07\/burger-vegana-the-surfers-burger-restaurante-smash-burger-en-somo-cantabria-2-1024x683.webp 1024w, https:\/\/thesurfersburger.com\/wp-content\/uploads\/sites\/41\/2025\/07\/burger-vegana-the-surfers-burger-restaurante-smash-burger-en-somo-cantabria-2-300x200.webp 300w, https:\/\/thesurfersburger.com\/wp-content\/uploads\/sites\/41\/2025\/07\/burger-vegana-the-surfers-burger-restaurante-smash-burger-en-somo-cantabria-2-768x512.webp 768w, https:\/\/thesurfersburger.com\/wp-content\/uploads\/sites\/41\/2025\/07\/burger-vegana-the-surfers-burger-restaurante-smash-burger-en-somo-cantabria-2-1536x1024.webp 1536w, https:\/\/thesurfersburger.com\/wp-content\/uploads\/sites\/41\/2025\/07\/burger-vegana-the-surfers-burger-restaurante-smash-burger-en-somo-cantabria-2.webp 1920w\" sizes=\"(max-width: 800px) 100vw, 800px\" \/>\t\t\t\t\t\t\t\t\t\t\t\t\t\t\t<\/div>\n\t\t\t\t<\/div>\n\t\t\t\t<\/div>\n\t\t\t\t<\/section>\n\t\t\t\t<\/div>\n\t\t<div class=\"elementor-element elementor-element-7fdff37d e-con-full last-cont e-flex e-con e-parent\" data-id=\"7fdff37d\" data-element_type=\"container\" data-e-type=\"container\">\n\t\t\t\t<div class=\"elementor-element elementor-element-50ff3ba5 elementor-invisible elementor-widget elementor-widget-heading\" data-id=\"50ff3ba5\" data-element_type=\"widget\" data-e-type=\"widget\" data-settings=\"{&quot;_animation&quot;:&quot;fadeInUp&quot;}\" data-widget_type=\"heading.default\">\n\t\t\t\t<div class=\"elementor-widget-container\">\n\t\t\t\t\t<h2 class=\"elementor-heading-title elementor-size-default\">THIS IS<\/h2>\t\t\t\t<\/div>\n\t\t\t\t<\/div>\n\t\t\t\t<div class=\"elementor-element elementor-element-538d9ee elementor-invisible elementor-widget elementor-widget-heading\" data-id=\"538d9ee\" data-element_type=\"widget\" data-e-type=\"widget\" data-settings=\"{&quot;_animation&quot;:&quot;fadeInUp&quot;,&quot;_animation_delay&quot;:100}\" data-widget_type=\"heading.default\">\n\t\t\t\t<div class=\"elementor-widget-container\">\n\t\t\t\t\t<h2 class=\"elementor-heading-title elementor-size-default\">SURFER'S BURGER<\/h2>\t\t\t\t<\/div>\n\t\t\t\t<\/div>\n\t\t\t\t<div class=\"elementor-element elementor-element-2c2555c elementor-invisible elementor-widget elementor-widget-heading\" data-id=\"2c2555c\" data-element_type=\"widget\" data-e-type=\"widget\" data-settings=\"{&quot;_animation&quot;:&quot;fadeInUp&quot;,&quot;_animation_delay&quot;:200}\" data-widget_type=\"heading.default\">\n\t\t\t\t<div class=\"elementor-widget-container\">\n\t\t\t\t\t<h2 class=\"elementor-heading-title elementor-size-default\">No venimos a reinventar la burger <br>Venimos a coger la buena ola y surfearla hasta el \u00faltimo bocado<\/h2>\t\t\t\t<\/div>\n\t\t\t\t<\/div>\n\t\t\t\t<div class=\"elementor-element elementor-element-25b6e1a elementor-widget__width-initial elementor-invisible elementor-widget elementor-widget-text-editor\" data-id=\"25b6e1a\" data-element_type=\"widget\" data-e-type=\"widget\" data-settings=\"{&quot;_animation&quot;:&quot;fadeInUp&quot;,&quot;_animation_laptop&quot;:&quot;fadeInUp&quot;,&quot;_animation_delay&quot;:300}\" data-widget_type=\"text-editor.default\">\n\t\t\t\t<div class=\"elementor-widget-container\">\n\t\t\t\t\t\t\t\t\t<p>En The Surfers Burger nos flipa la carne, el pan brioche es religi\u00f3n, y cada salsa que sale de nuestra cocina est\u00e1 pensada para dejar huella.<\/p><p>\u00bfLa inspiraci\u00f3n? El surf, las olas, la libertad de una buena sesi\u00f3n y el hambre brutal que llega despu\u00e9s.<br \/>Todo lo que servimos tiene ese rollo: aut\u00e9ntico, sabroso, sin florituras y con el punto justo de vicio. Aqu\u00ed vienes a comer como te gusta, sin postureos.<\/p><p>Desde los entrantes hasta el \u00faltimo bocado del perrito, todo est\u00e1 pensado para que repitas (y si te manchas, mejor).<\/p><p><br \/><strong>Esto no es fast food. Es real food con actitud.<\/strong><\/p>\t\t\t\t\t\t\t\t<\/div>\n\t\t\t\t<\/div>\n\t\t\t\t<\/div>\n\t\t<div class=\"elementor-element elementor-element-72bf590d elementor-hidden-widescreen elementor-hidden-desktop elementor-hidden-laptop elementor-hidden-tablet elementor-hidden-mobile e-flex e-con-boxed e-con e-parent\" data-id=\"72bf590d\" data-element_type=\"container\" data-e-type=\"container\">\n\t\t\t\t\t<div class=\"e-con-inner\">\n\t\t\t\t<div class=\"elementor-element elementor-element-49d8baea elementor-widget elementor-widget-html\" data-id=\"49d8baea\" data-element_type=\"widget\" data-e-type=\"widget\" data-widget_type=\"html.default\">\n\t\t\t\t<div class=\"elementor-widget-container\">\n\t\t\t\t\t<script src=\"https:\/\/cdnjs.cloudflare.com\/ajax\/libs\/gsap\/3.12.2\/gsap.min.js\"><\/script>\n<script src=\"https:\/\/cdnjs.cloudflare.com\/ajax\/libs\/gsap\/3.12.2\/ScrollTrigger.min.js\"><\/script>\n<script src=\"https:\/\/unpkg.com\/gsap@3\/dist\/CSSRulePlugin.min.js\"><\/script>\n<script>\nlet tl = gsap.timeline({\n    scrollTrigger: {\n        trigger: \".trigger-image\",\n        start: \"50% center\",\n        end: \"600% center\",\n        scrub: true,\n        \/\/ markers: true\n    }\n});\ntl.to(\".image-1\", {\n    y: \"170vh\",\n    x: \"5vw\"\n});\ntl.to(\".image-2\", {\n    y: \"170vh\",\n    x: \"-5vw\"\n});\ntl.to(\".trigger-image\", {\n    y: \"300vh\",\n});\n\ngsap.registerPlugin(ScrollTrigger);\ndocument.addEventListener(\"DOMContentLoaded\", function () {\n    const footer = document.querySelector(\".last-cont\");\n    const lastCard = document.querySelector(\".card.scroll\");\n    const pinnedSections = gsap.utils.toArray(\".pinned\");\n    pinnedSections.forEach((section, index, sections) => {\n        let img = section.querySelector(\".img\");\n        let nextSection = sections[index + 1] || lastCard;\n        let endScalePoint = `top+=${nextSection.offsetTop - section.offsetTop} top`;\n        gsap.to(section, {\n            scrollTrigger: {\n                trigger: section,\n                start: \"center center\",\n                end:\n                    index === sections.length\n                        ? `+=${lastCard.offsetHeight \/ 2}`\n                        : footer.offsetTop - window.innerHeight,\n                pin: true,\n                pinSpacing: false,\n                scrub: 1,\n            },\n        });\n        gsap.fromTo(\n            img,\n            { scale: 1 },\n            {\n                scale: 0.5,\n                ease: \"none\",\n                scrollTrigger: {\n                    trigger: section,\n                    start: \"top top\",\n                    end: endScalePoint,\n                    scrub: 1,\n                },\n            }\n        );\n    });\n    const heroH1 = document.querySelector(\".hero h1\");\n    ScrollTrigger.create({\n        trigger: document.body,\n        start: \"top top\",\n        end: \"+=350vh\",\n        scrub: 1,\n        onUpdate: (self) => {\n            let opacityProgress = self.progress;\n            if(heroH1) heroH1.style.opacity = 1 - opacityProgress;\n        },\n    });\n});\n\ndocument.addEventListener(\"DOMContentLoaded\", function () {\n    const toggleButton = document.querySelector(\".burger\");\n    let isOpen = false;\n    \n    \/\/ Solo animar elementos que existen en About\n    gsap.set(\".test\", {y: 400})\n    gsap.set(\".image-test\", {y: 1000})\n    \n    const timeline = gsap.timeline({ paused: true });\n    timeline.to(\".overlay\", {\n        duration: 1.5,\n        clipPath: \"polygon(0% 0%, 100% 0%, 100% 100%, 0% 100%)\",\n        ease: \"power4.inOut\"\n    });\n    \n    timeline.to(\".test, .image-test\", {\n        duration: 1.3,\n        y: 0,\n        stagger: 0.2,\n        ease: \"power4.out\"\n    }, \"-=1\");\n\n    if(toggleButton) {\n        toggleButton.addEventListener(\"click\", function () {\n            if (isOpen) {\n                timeline.reverse();\n            } else {\n                timeline.play();\n            }\n            isOpen = !isOpen;\n        });\n    }\n});\n<\/script>\n<!-- A\u00f1ade este bloque en tu <head> o justo antes del cierre de <body> -->\n<style>\n  \/* Hover del men\u00fa sin conflictos *\/\n  .mdw-menu-left .elementor-icon-list-text {\n    position: relative;\n    transition: background-color 0.3s ease;\n    \/* Aseg\u00farate de no tener otras transiciones sobre transform, opacity, etc. *\/\n  }\n<\/style>\n\n<script>\n  document.addEventListener(\"DOMContentLoaded\", function() {\n    gsap.registerPlugin(ScrollTrigger);\n\n    \/\/ Si en alguna parte GSAP anima los elementos del men\u00fa, limpia los estilos inline al finalizar:\n    gsap.utils.toArray(\".elementor-icon-list-text\").forEach(el => {\n      gsap.to(el, {\n        \/\/ ejemplo animaci\u00f3n si existiera\n        duration: 0.5,\n        clearProps: \"transform, opacity\" \/\/ limpia estas propiedades para que CSS hover funcione :contentReference[oaicite:1]{index=1}\n      });\n    });\n\n    window.addEventListener('load', () => {\n      ScrollTrigger.refresh(); \/\/ recalcule posiciones tras carga y asegure que no haya offset :contentReference[oaicite:2]{index=2}\n    });\n  });\n<\/script>\n\t\t\t\t<\/div>\n\t\t\t\t<\/div>\n\t\t\t\t\t<\/div>\n\t\t\t\t<\/div>\n\t\t\t\t<\/div>\n\t\t","protected":false},"excerpt":{"rendered":"<p>AQU\u00cd HACEMOS SMASH CON ALMA Y BUENOS PRODUCTOS AQU\u00cd HACEMOS SMASH CON ALMA Y BUENOS PRODUCTOS Despu\u00e9s de una ola como esta \u00bfke lo ke t\u00fa quieres? THIS IS SURFER&#8217;S BURGER No venimos a reinventar la burger Venimos a coger la buena ola y surfearla hasta el \u00faltimo bocado En The Surfers Burger nos flipa [&hellip;]<\/p>\n","protected":false},"author":1,"featured_media":0,"parent":0,"menu_order":0,"comment_status":"closed","ping_status":"closed","template":"","meta":{"footnotes":""},"class_list":["post-76","page","type-page","status-publish","hentry"],"_links":{"self":[{"href":"https:\/\/thesurfersburger.com\/en\/wp-json\/wp\/v2\/pages\/76","targetHints":{"allow":["GET"]}}],"collection":[{"href":"https:\/\/thesurfersburger.com\/en\/wp-json\/wp\/v2\/pages"}],"about":[{"href":"https:\/\/thesurfersburger.com\/en\/wp-json\/wp\/v2\/types\/page"}],"author":[{"embeddable":true,"href":"https:\/\/thesurfersburger.com\/en\/wp-json\/wp\/v2\/users\/1"}],"replies":[{"embeddable":true,"href":"https:\/\/thesurfersburger.com\/en\/wp-json\/wp\/v2\/comments?post=76"}],"version-history":[{"count":0,"href":"https:\/\/thesurfersburger.com\/en\/wp-json\/wp\/v2\/pages\/76\/revisions"}],"wp:attachment":[{"href":"https:\/\/thesurfersburger.com\/en\/wp-json\/wp\/v2\/media?parent=76"}],"curies":[{"name":"wp","href":"https:\/\/api.w.org\/{rel}","templated":true}]}}